{"id":2187,"date":"2025-01-06T17:16:36","date_gmt":"2025-01-06T17:16:36","guid":{"rendered":"https:\/\/moriasucos.com.br\/?post_type=product&#038;p=2187"},"modified":"2025-04-05T18:38:44","modified_gmt":"2025-04-05T18:38:44","slug":"super-mix-21-750-ml","status":"publish","type":"product","link":"https:\/\/moriasucos.com.br\/?product=super-mix-21-750-ml","title":{"rendered":"Super Mix 21 &#8211; 750 ml"},"content":{"rendered":"<p>Apresenta\u00e7\u00e3o Super Mix 21<\/p>\n<p>O Que \u00c9 o Super Mix 21?<\/p>\n<p>O Super Mix 21 \u00e9 um concentrado exclusivo de frutas, desenvolvido para proporcionar nutri\u00e7\u00e3o, energia e bem-estar. Composto por 21 frutas selecionadas, sem corantes, conservantes ou a\u00e7\u00facar, ele \u00e9 ideal para quem busca uma alimenta\u00e7\u00e3o saud\u00e1vel e equilibrada.<\/p>\n<p><strong>Diferenciais do Super Mix 21<\/strong><\/p>\n<p>&#8211; 100% natural, sem aditivos artificiais<br \/>\n&#8211; Rico em vitaminas, minerais e antioxidantes<br \/>\n&#8211; Sabor intenso e aut\u00eantico<br \/>\n&#8211; F\u00e1cil de preparar e consumir<\/p>\n<p>*Qualidade das Frutas*\\<br \/>\nO Super Mix 21 \u00e9 feito a partir de um rigoroso processo de sele\u00e7\u00e3o das melhores frutas, garantindo um produto puro e de alto padr\u00e3o. Cada fruta contribui com nutrientes essenciais para fortalecer o organismo e aumentar a disposi\u00e7\u00e3o.<\/p>\n<p><strong>Principais Benef\u00edcios<\/strong><\/p>\n<p>&#8211; Aumenta a energia e a vitalidade<br \/>\n&#8211; Fortalece o sistema imunol\u00f3gico<br \/>\n&#8211; Auxilia na digest\u00e3o e hidrata\u00e7\u00e3o<br \/>\n&#8211; Contribui para uma alimenta\u00e7\u00e3o balanceada<\/p>\n<p><strong>Modo de Uso<\/strong><br \/>\nO concentrado Super Mix 21 pode ser consumido puro.<\/p>\n<p><strong>Por Que Escolher o Super Mix 21?<\/strong><\/p>\n<p>&#8211; Ingredientes de alta qualidade<br \/>\n&#8211; Formula\u00e7\u00e3o natural e saud\u00e1vel<br \/>\n&#8211; Praticidade e versatilidade no consumo<br \/>\n&#8211; Um mix completo para o seu bem-estar<\/p>\n<p>Descubra o poder das frutas com o Super Mix 21 e transforme sua rotina com mais sa\u00fade e sabor!<\/p>\n","protected":false},"excerpt":{"rendered":"<p>Mix 21 \u00e9 um concentrado inovador que re\u00fane os benef\u00edcios de 21 frutas selecionadas, criando um super suco com alto poder antioxidante. Totalmente natural, sem adi\u00e7\u00e3o de conservantes ou aditivos qu\u00edmicos, \u00e9 a escolha ideal para quem busca uma dieta saud\u00e1vel e equilibrada. Al\u00e9m disso, o produto \u00e9 pasteurizado, garantindo seguran\u00e7a e qualidade, preservando ao m\u00e1ximo os nutrientes e o sabor das frutas<\/p>\n","protected":false},"featured_media":2188,"comment_status":"open","ping_status":"closed","template":"","meta":{"site-sidebar-layout":"default","site-content-layout":"","ast-site-content-layout":"default","site-content-style":"default","site-sidebar-style":"default","ast-global-header-display":"","ast-banner-title-visibility":"","ast-main-header-display":"","ast-hfb-above-header-display":"","ast-hfb-below-header-display":"","ast-hfb-mobile-header-display":"","site-post-title":"","ast-breadcrumbs-content":"","ast-featured-img":"","footer-sml-layout":"","ast-disable-related-posts":"","theme-transparent-header-meta":"default","adv-header-id-meta":"","stick-header-meta":"","header-above-stick-meta":"","header-main-stick-meta":"","header-below-stick-meta":"","astra-migrate-meta-layouts":"set","ast-page-background-enabled":"default","ast-page-background-meta":{"desktop":{"background-color":"var(--ast-global-color-5)","background-image":"","background-repeat":"repeat","background-position":"center center","background-size":"auto","background-attachment":"scroll","background-type":"","background-media":"","overlay-type":"","overlay-color":"","overlay-opacity":"","overlay-gradient":""},"tablet":{"background-color":"","background-image":"","background-repeat":"repeat","background-position":"center center","background-size":"auto","background-attachment":"scroll","background-type":"","background-media":"","overlay-type":"","overlay-color":"","overlay-opacity":"","overlay-gradient":""},"mobile":{"background-color":"","background-image":"","background-repeat":"repeat","background-position":"center center","background-size":"auto","background-attachment":"scroll","background-type":"","background-media":"","overlay-type":"","overlay-color":"","overlay-opacity":"","overlay-gradient":""}},"ast-content-background-meta":{"desktop":{"background-color":"var(--ast-global-color-4)","background-image":"","background-repeat":"repeat","background-position":"center center","background-size":"auto","background-attachment":"scroll","background-type":"","background-media":"","overlay-type":"","overlay-color":"","overlay-opacity":"","overlay-gradient":""},"tablet":{"background-color":"var(--ast-global-color-4)","background-image":"","background-repeat":"repeat","background-position":"center center","background-size":"auto","background-attachment":"scroll","background-type":"","background-media":"","overlay-type":"","overlay-color":"","overlay-opacity":"","overlay-gradient":""},"mobile":{"background-color":"var(--ast-global-color-4)","background-image":"","background-repeat":"repeat","background-position":"center center","background-size":"auto","background-attachment":"scroll","background-type":"","background-media":"","overlay-type":"","overlay-color":"","overlay-opacity":"","overlay-gradient":""}}},"product_brand":[],"product_cat":[79],"product_tag":[],"class_list":{"0":"post-2187","1":"product","2":"type-product","3":"status-publish","4":"has-post-thumbnail","6":"product_cat-super-mix-21","7":"desktop-align-left","8":"tablet-align-left","9":"mobile-align-left","11":"first","12":"instock","13":"taxable","14":"shipping-taxable","15":"purchasable","16":"product-type-simple"},"yoast_head":"<!-- This site is optimized with the Yoast SEO plugin v27.4 - https:\/\/yoast.com\/product\/yoast-seo-wordpress\/ -->\n<title>Super Mix 21 - 750 ml - Mori\u00e1 Sucos Naturais<\/title>\n<meta name=\"robots\" content=\"index, follow, max-snippet:-1, max-image-preview:large, max-video-preview:-1\" \/>\n<link rel=\"canonical\" href=\"https:\/\/moriasucos.com.br\/?product=super-mix-21-750-ml\" \/>\n<meta property=\"og:locale\" content=\"pt_BR\" \/>\n<meta property=\"og:type\" content=\"article\" \/>\n<meta property=\"og:title\" content=\"Super Mix 21 - 750 ml - Mori\u00e1 Sucos Naturais\" \/>\n<meta property=\"og:description\" content=\"Mix 21 \u00e9 um concentrado inovador que re\u00fane os benef\u00edcios de 21 frutas selecionadas, criando um super suco com alto poder antioxidante. Totalmente natural, sem adi\u00e7\u00e3o de conservantes ou aditivos qu\u00edmicos, \u00e9 a escolha ideal para quem busca uma dieta saud\u00e1vel e equilibrada. Al\u00e9m disso, o produto \u00e9 pasteurizado, garantindo seguran\u00e7a e qualidade, preservando ao m\u00e1ximo os nutrientes e o sabor das frutas\" \/>\n<meta property=\"og:url\" content=\"https:\/\/moriasucos.com.br\/?product=super-mix-21-750-ml\" \/>\n<meta property=\"og:site_name\" content=\"Mori\u00e1 Sucos Naturais\" \/>\n<meta property=\"article:modified_time\" content=\"2025-04-05T18:38:44+00:00\" \/>\n<meta property=\"og:image\" content=\"https:\/\/moriasucos.com.br\/wp-content\/uploads\/2025\/01\/1-2.png\" \/>\n\t<meta property=\"og:image:width\" content=\"1080\" \/>\n\t<meta property=\"og:image:height\" content=\"1080\" \/>\n\t<meta property=\"og:image:type\" content=\"image\/png\" \/>\n<meta name=\"twitter:card\" content=\"summary_large_image\" \/>\n<meta name=\"twitter:label1\" content=\"Est. tempo de leitura\" \/>\n\t<meta name=\"twitter:data1\" content=\"2 minutos\" \/>\n<script type=\"application\/ld+json\" class=\"yoast-schema-graph\">{\"@context\":\"https:\\\/\\\/schema.org\",\"@graph\":[{\"@type\":\"WebPage\",\"@id\":\"https:\\\/\\\/moriasucos.com.br\\\/?product=super-mix-21-750-ml\",\"url\":\"https:\\\/\\\/moriasucos.com.br\\\/?product=super-mix-21-750-ml\",\"name\":\"Super Mix 21 - 750 ml - Mori\u00e1 Sucos Naturais\",\"isPartOf\":{\"@id\":\"https:\\\/\\\/moriasucos.com.br\\\/#website\"},\"primaryImageOfPage\":{\"@id\":\"https:\\\/\\\/moriasucos.com.br\\\/?product=super-mix-21-750-ml#primaryimage\"},\"image\":{\"@id\":\"https:\\\/\\\/moriasucos.com.br\\\/?product=super-mix-21-750-ml#primaryimage\"},\"thumbnailUrl\":\"https:\\\/\\\/moriasucos.com.br\\\/wp-content\\\/uploads\\\/2025\\\/01\\\/1-2.png\",\"datePublished\":\"2025-01-06T17:16:36+00:00\",\"dateModified\":\"2025-04-05T18:38:44+00:00\",\"breadcrumb\":{\"@id\":\"https:\\\/\\\/moriasucos.com.br\\\/?product=super-mix-21-750-ml#breadcrumb\"},\"inLanguage\":\"pt-BR\",\"potentialAction\":[{\"@type\":\"ReadAction\",\"target\":[\"https:\\\/\\\/moriasucos.com.br\\\/?product=super-mix-21-750-ml\"]}]},{\"@type\":\"ImageObject\",\"inLanguage\":\"pt-BR\",\"@id\":\"https:\\\/\\\/moriasucos.com.br\\\/?product=super-mix-21-750-ml#primaryimage\",\"url\":\"https:\\\/\\\/moriasucos.com.br\\\/wp-content\\\/uploads\\\/2025\\\/01\\\/1-2.png\",\"contentUrl\":\"https:\\\/\\\/moriasucos.com.br\\\/wp-content\\\/uploads\\\/2025\\\/01\\\/1-2.png\",\"width\":1080,\"height\":1080},{\"@type\":\"BreadcrumbList\",\"@id\":\"https:\\\/\\\/moriasucos.com.br\\\/?product=super-mix-21-750-ml#breadcrumb\",\"itemListElement\":[{\"@type\":\"ListItem\",\"position\":1,\"name\":\"In\u00edcio\",\"item\":\"https:\\\/\\\/moriasucos.com.br\\\/\"},{\"@type\":\"ListItem\",\"position\":2,\"name\":\"Produtos\",\"item\":\"https:\\\/\\\/moriasucos.com.br\\\/loja\\\/\"},{\"@type\":\"ListItem\",\"position\":3,\"name\":\"Super Mix 21 &#8211; 750 ml\"}]},{\"@type\":\"WebSite\",\"@id\":\"https:\\\/\\\/moriasucos.com.br\\\/#website\",\"url\":\"https:\\\/\\\/moriasucos.com.br\\\/\",\"name\":\"Mori\u00e1 Sucos Naturais\",\"description\":\"Alimenta\u00e7\u00e3o Saud\u00e1vel\",\"potentialAction\":[{\"@type\":\"SearchAction\",\"target\":{\"@type\":\"EntryPoint\",\"urlTemplate\":\"https:\\\/\\\/moriasucos.com.br\\\/?s={search_term_string}\"},\"query-input\":{\"@type\":\"PropertyValueSpecification\",\"valueRequired\":true,\"valueName\":\"search_term_string\"}}],\"inLanguage\":\"pt-BR\"}]}<\/script>\n<!-- \/ Yoast SEO plugin. -->","yoast_head_json":{"title":"Super Mix 21 - 750 ml - Mori\u00e1 Sucos Naturais","robots":{"index":"index","follow":"follow","max-snippet":"max-snippet:-1","max-image-preview":"max-image-preview:large","max-video-preview":"max-video-preview:-1"},"canonical":"https:\/\/moriasucos.com.br\/?product=super-mix-21-750-ml","og_locale":"pt_BR","og_type":"article","og_title":"Super Mix 21 - 750 ml - Mori\u00e1 Sucos Naturais","og_description":"Mix 21 \u00e9 um concentrado inovador que re\u00fane os benef\u00edcios de 21 frutas selecionadas, criando um super suco com alto poder antioxidante. Totalmente natural, sem adi\u00e7\u00e3o de conservantes ou aditivos qu\u00edmicos, \u00e9 a escolha ideal para quem busca uma dieta saud\u00e1vel e equilibrada. Al\u00e9m disso, o produto \u00e9 pasteurizado, garantindo seguran\u00e7a e qualidade, preservando ao m\u00e1ximo os nutrientes e o sabor das frutas","og_url":"https:\/\/moriasucos.com.br\/?product=super-mix-21-750-ml","og_site_name":"Mori\u00e1 Sucos Naturais","article_modified_time":"2025-04-05T18:38:44+00:00","og_image":[{"width":1080,"height":1080,"url":"https:\/\/moriasucos.com.br\/wp-content\/uploads\/2025\/01\/1-2.png","type":"image\/png"}],"twitter_card":"summary_large_image","twitter_misc":{"Est. tempo de leitura":"2 minutos"},"schema":{"@context":"https:\/\/schema.org","@graph":[{"@type":"WebPage","@id":"https:\/\/moriasucos.com.br\/?product=super-mix-21-750-ml","url":"https:\/\/moriasucos.com.br\/?product=super-mix-21-750-ml","name":"Super Mix 21 - 750 ml - Mori\u00e1 Sucos Naturais","isPartOf":{"@id":"https:\/\/moriasucos.com.br\/#website"},"primaryImageOfPage":{"@id":"https:\/\/moriasucos.com.br\/?product=super-mix-21-750-ml#primaryimage"},"image":{"@id":"https:\/\/moriasucos.com.br\/?product=super-mix-21-750-ml#primaryimage"},"thumbnailUrl":"https:\/\/moriasucos.com.br\/wp-content\/uploads\/2025\/01\/1-2.png","datePublished":"2025-01-06T17:16:36+00:00","dateModified":"2025-04-05T18:38:44+00:00","breadcrumb":{"@id":"https:\/\/moriasucos.com.br\/?product=super-mix-21-750-ml#breadcrumb"},"inLanguage":"pt-BR","potentialAction":[{"@type":"ReadAction","target":["https:\/\/moriasucos.com.br\/?product=super-mix-21-750-ml"]}]},{"@type":"ImageObject","inLanguage":"pt-BR","@id":"https:\/\/moriasucos.com.br\/?product=super-mix-21-750-ml#primaryimage","url":"https:\/\/moriasucos.com.br\/wp-content\/uploads\/2025\/01\/1-2.png","contentUrl":"https:\/\/moriasucos.com.br\/wp-content\/uploads\/2025\/01\/1-2.png","width":1080,"height":1080},{"@type":"BreadcrumbList","@id":"https:\/\/moriasucos.com.br\/?product=super-mix-21-750-ml#breadcrumb","itemListElement":[{"@type":"ListItem","position":1,"name":"In\u00edcio","item":"https:\/\/moriasucos.com.br\/"},{"@type":"ListItem","position":2,"name":"Produtos","item":"https:\/\/moriasucos.com.br\/loja\/"},{"@type":"ListItem","position":3,"name":"Super Mix 21 &#8211; 750 ml"}]},{"@type":"WebSite","@id":"https:\/\/moriasucos.com.br\/#website","url":"https:\/\/moriasucos.com.br\/","name":"Mori\u00e1 Sucos Naturais","description":"Alimenta\u00e7\u00e3o Saud\u00e1vel","potentialAction":[{"@type":"SearchAction","target":{"@type":"EntryPoint","urlTemplate":"https:\/\/moriasucos.com.br\/?s={search_term_string}"},"query-input":{"@type":"PropertyValueSpecification","valueRequired":true,"valueName":"search_term_string"}}],"inLanguage":"pt-BR"}]}},"_links":{"self":[{"href":"https:\/\/moriasucos.com.br\/index.php?rest_route=\/wp\/v2\/product\/2187","targetHints":{"allow":["GET"]}}],"collection":[{"href":"https:\/\/moriasucos.com.br\/index.php?rest_route=\/wp\/v2\/product"}],"about":[{"href":"https:\/\/moriasucos.com.br\/index.php?rest_route=\/wp\/v2\/types\/product"}],"replies":[{"embeddable":true,"href":"https:\/\/moriasucos.com.br\/index.php?rest_route=%2Fwp%2Fv2%2Fcomments&post=2187"}],"wp:featuredmedia":[{"embeddable":true,"href":"https:\/\/moriasucos.com.br\/index.php?rest_route=\/wp\/v2\/media\/2188"}],"wp:attachment":[{"href":"https:\/\/moriasucos.com.br\/index.php?rest_route=%2Fwp%2Fv2%2Fmedia&parent=2187"}],"wp:term":[{"taxonomy":"product_brand","embeddable":true,"href":"https:\/\/moriasucos.com.br\/index.php?rest_route=%2Fwp%2Fv2%2Fproduct_brand&post=2187"},{"taxonomy":"product_cat","embeddable":true,"href":"https:\/\/moriasucos.com.br\/index.php?rest_route=%2Fwp%2Fv2%2Fproduct_cat&post=2187"},{"taxonomy":"product_tag","embeddable":true,"href":"https:\/\/moriasucos.com.br\/index.php?rest_route=%2Fwp%2Fv2%2Fproduct_tag&post=2187"}],"curies":[{"name":"wp","href":"https:\/\/api.w.org\/{rel}","templated":true}]}}