{"id":2042,"date":"2025-01-03T13:57:00","date_gmt":"2025-01-03T13:57:00","guid":{"rendered":"https:\/\/moriasucos.com.br\/?page_id=2042"},"modified":"2025-04-05T18:35:40","modified_gmt":"2025-04-05T18:35:40","slug":"quem-somos","status":"publish","type":"page","link":"https:\/\/moriasucos.com.br\/?page_id=2042","title":{"rendered":"Quem Somos"},"content":{"rendered":"\t\t<div data-elementor-type=\"wp-page\" data-elementor-id=\"2042\" class=\"elementor elementor-2042\">\n\t\t\t\t<div class=\"elementor-element elementor-element-a729d7c e-flex e-con-boxed e-con e-parent\" data-id=\"a729d7c\" data-element_type=\"container\" data-e-type=\"container\">\n\t\t\t\t\t<div class=\"e-con-inner\">\n\t\t\t\t<div class=\"elementor-element elementor-element-6b5e63a elementor-widget elementor-widget-heading\" data-id=\"6b5e63a\" data-element_type=\"widget\" data-e-type=\"widget\" data-widget_type=\"heading.default\">\n\t\t\t\t<div class=\"elementor-widget-container\">\n\t\t\t\t\t<h2 class=\"elementor-heading-title elementor-size-default\">Apresenta\u00e7\u00e3o Mori\u00e1 Sucos Naturais\n<\/h2>\t\t\t\t<\/div>\n\t\t\t\t<\/div>\n\t\t\t\t<div class=\"elementor-element elementor-element-8791b71 elementor-widget elementor-widget-text-editor\" data-id=\"8791b71\" data-element_type=\"widget\" data-e-type=\"widget\" data-widget_type=\"text-editor.default\">\n\t\t\t\t<div class=\"elementor-widget-container\">\n\t\t\t\t\t\t\t\t\t<p>A Mori\u00e1 Sucos Naturais \u00e9 uma empresa dedicada \u00e0 produ\u00e7\u00e3o de sucos naturais de alta qualidade. Nossos produtos s\u00e3o feitos com frutas selecionadas, sem aditivos artificiais, oferecendo uma experi\u00eancia saud\u00e1vel e saborosa para nossos consumidores.<\/p><p>Nosso Compromisso:<br \/><span style=\"font-style: inherit; font-weight: inherit;\">Ingredientes 100% naturais<\/span><\/p><p>Sem corantes, conservantes ou a\u00e7\u00facar<\/p><p>Sabor e qualidade garantidos<\/p><p>Foco na sa\u00fade e bem-estar<\/p><p>Linha de Produtos<br \/>A Mori\u00e1 conta com uma ampla variedade de sucos naturais para diferentes gostos e necessidades. Entre nossos principais produtos, destacam-se:<\/p><p>Mix 21: Uma combina\u00e7\u00e3o exclusiva de 21 frutas, vitaminas e minerais essenciais para uma alimenta\u00e7\u00e3o equilibrada. Ideal para quem busca energia e vitalidade no dia a dia.<\/p><p>Top 10 Fitness: Um mix de 10 superfrutas, cuidadosamente selecionadas para auxiliar na rotina de quem pratica atividades f\u00edsicas. Rico em antioxidantes e nutrientes que ajudam na recupera\u00e7\u00e3o muscular e no fortalecimento do sistema imunol\u00f3gico.<\/p><p>Suco de Laranja Natural: 100% puro, feito com laranjas frescas e selecionadas. Sem adi\u00e7\u00e3o de a\u00e7\u00facar, corantes ou conservantes, preservando todo o sabor e benef\u00edcios naturais da fruta.<\/p><p>Benef\u00edcios dos Nossos Sucos<\/p><p>Aumento da energia e disposi\u00e7\u00e3o<\/p><p>Melhora do sistema imunol\u00f3gico<\/p><p>Aux\u00edlio na digest\u00e3o e na hidrata\u00e7\u00e3o<\/p><p>Rica fonte de vitaminas e antioxidantes<\/p><p>Por Que Escolher Mori\u00e1?<\/p><p>Produtos naturais e saud\u00e1veis<\/p><p>Qualidade e sabor incompar\u00e1veis<\/p><p>Op\u00e7\u00f5es para diferentes estilos de vida<\/p><p>Compromisso com a sa\u00fade e o bem-estar dos consumidores<\/p><p>Entre em contato e descubra o sabor da natureza com Mori\u00e1 Sucos Naturais!<\/p>\t\t\t\t\t\t\t\t<\/div>\n\t\t\t\t<\/div>\n\t\t\t\t\t<\/div>\n\t\t\t\t<\/div>\n\t\t\t\t<\/div>\n\t\t","protected":false},"excerpt":{"rendered":"<p>Apresenta\u00e7\u00e3o Mori\u00e1 Sucos Naturais A Mori\u00e1 Sucos Naturais \u00e9 uma empresa dedicada \u00e0 produ\u00e7\u00e3o de sucos naturais de alta qualidade. [&hellip;]<\/p>\n","protected":false},"author":1,"featured_media":0,"parent":0,"menu_order":0,"comment_status":"closed","ping_status":"closed","template":"elementor_header_footer","meta":{"site-sidebar-layout":"default","site-content-layout":"","ast-site-content-layout":"default","site-content-style":"default","site-sidebar-style":"default","ast-global-header-display":"","ast-banner-title-visibility":"","ast-main-header-display":"","ast-hfb-above-header-display":"","ast-hfb-below-header-display":"","ast-hfb-mobile-header-display":"","site-post-title":"","ast-breadcrumbs-content":"","ast-featured-img":"","footer-sml-layout":"","ast-disable-related-posts":"","theme-transparent-header-meta":"","adv-header-id-meta":"","stick-header-meta":"","header-above-stick-meta":"","header-main-stick-meta":"","header-below-stick-meta":"","astra-migrate-meta-layouts":"default","ast-page-background-enabled":"default","ast-page-background-meta":{"desktop":{"background-color":"var(--ast-global-color-5)","background-image":"","background-repeat":"repeat","background-position":"center center","background-size":"auto","background-attachment":"scroll","background-type":"","background-media":"","overlay-type":"","overlay-color":"","overlay-opacity":"","overlay-gradient":""},"tablet":{"background-color":"","background-image":"","background-repeat":"repeat","background-position":"center center","background-size":"auto","background-attachment":"scroll","background-type":"","background-media":"","overlay-type":"","overlay-color":"","overlay-opacity":"","overlay-gradient":""},"mobile":{"background-color":"","background-image":"","background-repeat":"repeat","background-position":"center center","background-size":"auto","background-attachment":"scroll","background-type":"","background-media":"","overlay-type":"","overlay-color":"","overlay-opacity":"","overlay-gradient":""}},"ast-content-background-meta":{"desktop":{"background-color":"var(--ast-global-color-4)","background-image":"","background-repeat":"repeat","background-position":"center center","background-size":"auto","background-attachment":"scroll","background-type":"","background-media":"","overlay-type":"","overlay-color":"","overlay-opacity":"","overlay-gradient":""},"tablet":{"background-color":"var(--ast-global-color-4)","background-image":"","background-repeat":"repeat","background-position":"center center","background-size":"auto","background-attachment":"scroll","background-type":"","background-media":"","overlay-type":"","overlay-color":"","overlay-opacity":"","overlay-gradient":""},"mobile":{"background-color":"var(--ast-global-color-4)","background-image":"","background-repeat":"repeat","background-position":"center center","background-size":"auto","background-attachment":"scroll","background-type":"","background-media":"","overlay-type":"","overlay-color":"","overlay-opacity":"","overlay-gradient":""}},"footnotes":""},"class_list":["post-2042","page","type-page","status-publish","hentry"],"yoast_head":"<!-- This site is optimized with the Yoast SEO plugin v27.4 - https:\/\/yoast.com\/product\/yoast-seo-wordpress\/ -->\n<title>Quem Somos - Mori\u00e1 Sucos Naturais<\/title>\n<meta name=\"robots\" content=\"index, follow, max-snippet:-1, max-image-preview:large, max-video-preview:-1\" \/>\n<link rel=\"canonical\" href=\"https:\/\/moriasucos.com.br\/?page_id=2042\" \/>\n<meta property=\"og:locale\" content=\"pt_BR\" \/>\n<meta property=\"og:type\" content=\"article\" \/>\n<meta property=\"og:title\" content=\"Quem Somos - Mori\u00e1 Sucos Naturais\" \/>\n<meta property=\"og:description\" content=\"Apresenta\u00e7\u00e3o Mori\u00e1 Sucos Naturais A Mori\u00e1 Sucos Naturais \u00e9 uma empresa dedicada \u00e0 produ\u00e7\u00e3o de sucos naturais de alta qualidade. [&hellip;]\" \/>\n<meta property=\"og:url\" content=\"https:\/\/moriasucos.com.br\/?page_id=2042\" \/>\n<meta property=\"og:site_name\" content=\"Mori\u00e1 Sucos Naturais\" \/>\n<meta property=\"article:modified_time\" content=\"2025-04-05T18:35:40+00:00\" \/>\n<meta name=\"twitter:card\" content=\"summary_large_image\" \/>\n<meta name=\"twitter:label1\" content=\"Est. tempo de leitura\" \/>\n\t<meta name=\"twitter:data1\" content=\"2 minutos\" \/>\n<script type=\"application\/ld+json\" class=\"yoast-schema-graph\">{\"@context\":\"https:\\\/\\\/schema.org\",\"@graph\":[{\"@type\":\"WebPage\",\"@id\":\"https:\\\/\\\/moriasucos.com.br\\\/?page_id=2042\",\"url\":\"https:\\\/\\\/moriasucos.com.br\\\/?page_id=2042\",\"name\":\"Quem Somos - Mori\u00e1 Sucos Naturais\",\"isPartOf\":{\"@id\":\"https:\\\/\\\/moriasucos.com.br\\\/#website\"},\"datePublished\":\"2025-01-03T13:57:00+00:00\",\"dateModified\":\"2025-04-05T18:35:40+00:00\",\"breadcrumb\":{\"@id\":\"https:\\\/\\\/moriasucos.com.br\\\/?page_id=2042#breadcrumb\"},\"inLanguage\":\"pt-BR\",\"potentialAction\":[{\"@type\":\"ReadAction\",\"target\":[\"https:\\\/\\\/moriasucos.com.br\\\/?page_id=2042\"]}]},{\"@type\":\"BreadcrumbList\",\"@id\":\"https:\\\/\\\/moriasucos.com.br\\\/?page_id=2042#breadcrumb\",\"itemListElement\":[{\"@type\":\"ListItem\",\"position\":1,\"name\":\"In\u00edcio\",\"item\":\"https:\\\/\\\/moriasucos.com.br\\\/\"},{\"@type\":\"ListItem\",\"position\":2,\"name\":\"Quem Somos\"}]},{\"@type\":\"WebSite\",\"@id\":\"https:\\\/\\\/moriasucos.com.br\\\/#website\",\"url\":\"https:\\\/\\\/moriasucos.com.br\\\/\",\"name\":\"Mori\u00e1 Sucos Naturais\",\"description\":\"Alimenta\u00e7\u00e3o Saud\u00e1vel\",\"potentialAction\":[{\"@type\":\"SearchAction\",\"target\":{\"@type\":\"EntryPoint\",\"urlTemplate\":\"https:\\\/\\\/moriasucos.com.br\\\/?s={search_term_string}\"},\"query-input\":{\"@type\":\"PropertyValueSpecification\",\"valueRequired\":true,\"valueName\":\"search_term_string\"}}],\"inLanguage\":\"pt-BR\"}]}<\/script>\n<!-- \/ Yoast SEO plugin. -->","yoast_head_json":{"title":"Quem Somos - Mori\u00e1 Sucos Naturais","robots":{"index":"index","follow":"follow","max-snippet":"max-snippet:-1","max-image-preview":"max-image-preview:large","max-video-preview":"max-video-preview:-1"},"canonical":"https:\/\/moriasucos.com.br\/?page_id=2042","og_locale":"pt_BR","og_type":"article","og_title":"Quem Somos - Mori\u00e1 Sucos Naturais","og_description":"Apresenta\u00e7\u00e3o Mori\u00e1 Sucos Naturais A Mori\u00e1 Sucos Naturais \u00e9 uma empresa dedicada \u00e0 produ\u00e7\u00e3o de sucos naturais de alta qualidade. [&hellip;]","og_url":"https:\/\/moriasucos.com.br\/?page_id=2042","og_site_name":"Mori\u00e1 Sucos Naturais","article_modified_time":"2025-04-05T18:35:40+00:00","twitter_card":"summary_large_image","twitter_misc":{"Est. tempo de leitura":"2 minutos"},"schema":{"@context":"https:\/\/schema.org","@graph":[{"@type":"WebPage","@id":"https:\/\/moriasucos.com.br\/?page_id=2042","url":"https:\/\/moriasucos.com.br\/?page_id=2042","name":"Quem Somos - Mori\u00e1 Sucos Naturais","isPartOf":{"@id":"https:\/\/moriasucos.com.br\/#website"},"datePublished":"2025-01-03T13:57:00+00:00","dateModified":"2025-04-05T18:35:40+00:00","breadcrumb":{"@id":"https:\/\/moriasucos.com.br\/?page_id=2042#breadcrumb"},"inLanguage":"pt-BR","potentialAction":[{"@type":"ReadAction","target":["https:\/\/moriasucos.com.br\/?page_id=2042"]}]},{"@type":"BreadcrumbList","@id":"https:\/\/moriasucos.com.br\/?page_id=2042#breadcrumb","itemListElement":[{"@type":"ListItem","position":1,"name":"In\u00edcio","item":"https:\/\/moriasucos.com.br\/"},{"@type":"ListItem","position":2,"name":"Quem Somos"}]},{"@type":"WebSite","@id":"https:\/\/moriasucos.com.br\/#website","url":"https:\/\/moriasucos.com.br\/","name":"Mori\u00e1 Sucos Naturais","description":"Alimenta\u00e7\u00e3o Saud\u00e1vel","potentialAction":[{"@type":"SearchAction","target":{"@type":"EntryPoint","urlTemplate":"https:\/\/moriasucos.com.br\/?s={search_term_string}"},"query-input":{"@type":"PropertyValueSpecification","valueRequired":true,"valueName":"search_term_string"}}],"inLanguage":"pt-BR"}]}},"_links":{"self":[{"href":"https:\/\/moriasucos.com.br\/index.php?rest_route=\/wp\/v2\/pages\/2042","targetHints":{"allow":["GET"]}}],"collection":[{"href":"https:\/\/moriasucos.com.br\/index.php?rest_route=\/wp\/v2\/pages"}],"about":[{"href":"https:\/\/moriasucos.com.br\/index.php?rest_route=\/wp\/v2\/types\/page"}],"author":[{"embeddable":true,"href":"https:\/\/moriasucos.com.br\/index.php?rest_route=\/wp\/v2\/users\/1"}],"replies":[{"embeddable":true,"href":"https:\/\/moriasucos.com.br\/index.php?rest_route=%2Fwp%2Fv2%2Fcomments&post=2042"}],"version-history":[{"count":16,"href":"https:\/\/moriasucos.com.br\/index.php?rest_route=\/wp\/v2\/pages\/2042\/revisions"}],"predecessor-version":[{"id":2364,"href":"https:\/\/moriasucos.com.br\/index.php?rest_route=\/wp\/v2\/pages\/2042\/revisions\/2364"}],"wp:attachment":[{"href":"https:\/\/moriasucos.com.br\/index.php?rest_route=%2Fwp%2Fv2%2Fmedia&parent=2042"}],"curies":[{"name":"wp","href":"https:\/\/api.w.org\/{rel}","templated":true}]}}